{"id":9,"date":"2022-07-29T19:54:59","date_gmt":"2022-07-29T17:54:59","guid":{"rendered":"http:\/\/nathalieroche-comedienne.com\/?page_id=9"},"modified":"2022-12-04T18:38:07","modified_gmt":"2022-12-04T17:38:07","slug":"accueil","status":"publish","type":"page","link":"https:\/\/nathalieroche-comedienne.com\/","title":{"rendered":"Accueil"},"content":{"rendered":"\n<figure class=\"wp-block-image size-large\"><img loading=\"lazy\" decoding=\"async\" width=\"1024\" height=\"683\" src=\"http:\/\/nathalieroche-comedienne.com\/wp-content\/uploads\/2022\/10\/Nathalie_R_2022-310-1024x683.jpg\" alt=\"\" class=\"wp-image-745\" srcset=\"https:\/\/nathalieroche-comedienne.com\/wp-content\/uploads\/2022\/10\/Nathalie_R_2022-310-1024x683.jpg 1024w, https:\/\/nathalieroche-comedienne.com\/wp-content\/uploads\/2022\/10\/Nathalie_R_2022-310-300x200.jpg 300w, https:\/\/nathalieroche-comedienne.com\/wp-content\/uploads\/2022\/10\/Nathalie_R_2022-310-768x512.jpg 768w, https:\/\/nathalieroche-comedienne.com\/wp-content\/uploads\/2022\/10\/Nathalie_R_2022-310-1536x1024.jpg 1536w, https:\/\/nathalieroche-comedienne.com\/wp-content\/uploads\/2022\/10\/Nathalie_R_2022-310-450x300.jpg 450w, https:\/\/nathalieroche-comedienne.com\/wp-content\/uploads\/2022\/10\/Nathalie_R_2022-310-90x60.jpg 90w, https:\/\/nathalieroche-comedienne.com\/wp-content\/uploads\/2022\/10\/Nathalie_R_2022-310.jpg 1920w\" sizes=\"auto, (max-width: 1024px) 100vw, 1024px\" \/><\/figure>\n\n\n\n<p><\/p>\n\n\n\n<p><strong>Passionn\u00e9e par la voix, les arts audiovisuels et du spectacle, j\u2019aime faire des ponts entre les diff\u00e9rentes \u00ab&nbsp;disciplines&nbsp;\u00bb&nbsp;: com\u00e9dienne, voix off, chanteuse, coach, auteure\u2026<\/strong><\/p>\n\n\n\n<p>On a pu me d\u00e9couvrir dans de nombreux r\u00f4les \u00e0 la t\u00e9l\u00e9vision et au cin\u00e9ma (<strong>Le Brio, Happy Few, Capitaine Marleau, Sam, Nina<\/strong>&#8230;).<\/p>\n\n\n\n<p>Depuis toujours, je suis tr\u00e8s active et participe \u00e0 la diffusion et \u00e0 la sensibilisation dans notre soci\u00e9t\u00e9 de la culture sourde. Des r\u00e9alisateurs, producteurs, artistes me font confiance en me proposant de jouer et de coacher des enfants, des adultes (com\u00e9diens ou non) sourds et entendants dans leurs projets (<strong>La R\u00e9volution, Damien veut changer le monde, Cessez le feu<\/strong>&#8230;).<\/p>\n","protected":false},"excerpt":{"rendered":"<p>Passionn\u00e9e par la voix, les arts audiovisuels et du spectacle, j\u2019aime faire des ponts entre les diff\u00e9rentes \u00ab&nbsp;disciplines&nbsp;\u00bb&nbsp;: com\u00e9dienne, voix off, chanteuse, coach, auteure\u2026 On a pu me d\u00e9couvrir dans de nombreux r\u00f4les \u00e0 la t\u00e9l\u00e9vision et au cin\u00e9ma (Le Brio, Happy Few, Capitaine Marleau, Sam, Nina&#8230;). Depuis toujours, je suis tr\u00e8s active et participe &hellip; <\/p>\n","protected":false},"author":1,"featured_media":0,"parent":0,"menu_order":0,"comment_status":"closed","ping_status":"closed","template":"","meta":{"footnotes":""},"class_list":["post-9","page","type-page","status-publish","hentry"],"_links":{"self":[{"href":"https:\/\/nathalieroche-comedienne.com\/index.php\/wp-json\/wp\/v2\/pages\/9","targetHints":{"allow":["GET"]}}],"collection":[{"href":"https:\/\/nathalieroche-comedienne.com\/index.php\/wp-json\/wp\/v2\/pages"}],"about":[{"href":"https:\/\/nathalieroche-comedienne.com\/index.php\/wp-json\/wp\/v2\/types\/page"}],"author":[{"embeddable":true,"href":"https:\/\/nathalieroche-comedienne.com\/index.php\/wp-json\/wp\/v2\/users\/1"}],"replies":[{"embeddable":true,"href":"https:\/\/nathalieroche-comedienne.com\/index.php\/wp-json\/wp\/v2\/comments?post=9"}],"version-history":[{"count":40,"href":"https:\/\/nathalieroche-comedienne.com\/index.php\/wp-json\/wp\/v2\/pages\/9\/revisions"}],"predecessor-version":[{"id":993,"href":"https:\/\/nathalieroche-comedienne.com\/index.php\/wp-json\/wp\/v2\/pages\/9\/revisions\/993"}],"wp:attachment":[{"href":"https:\/\/nathalieroche-comedienne.com\/index.php\/wp-json\/wp\/v2\/media?parent=9"}],"curies":[{"name":"wp","href":"https:\/\/api.w.org\/{rel}","templated":true}]}}