{"id":73,"date":"2022-07-29T20:45:13","date_gmt":"2022-07-29T18:45:13","guid":{"rendered":"http:\/\/nathalieroche-comedienne.com\/?page_id=73"},"modified":"2026-03-19T22:24:06","modified_gmt":"2026-03-19T21:24:06","slug":"comedienne-2","status":"publish","type":"page","link":"https:\/\/nathalieroche-comedienne.com\/index.php\/comedienne-2\/","title":{"rendered":"Com\u00e9dienne"},"content":{"rendered":"\n<figure class=\"wp-block-image size-large is-resized\"><img loading=\"lazy\" decoding=\"async\" width=\"1024\" height=\"682\" src=\"http:\/\/nathalieroche-comedienne.com\/wp-content\/uploads\/2022\/10\/Nathalie-Roche20-1024x682.jpg\" alt=\"\" class=\"wp-image-920\" style=\"width:768px;height:512px\" srcset=\"https:\/\/nathalieroche-comedienne.com\/wp-content\/uploads\/2022\/10\/Nathalie-Roche20-1024x682.jpg 1024w, https:\/\/nathalieroche-comedienne.com\/wp-content\/uploads\/2022\/10\/Nathalie-Roche20-300x200.jpg 300w, https:\/\/nathalieroche-comedienne.com\/wp-content\/uploads\/2022\/10\/Nathalie-Roche20-768x512.jpg 768w, https:\/\/nathalieroche-comedienne.com\/wp-content\/uploads\/2022\/10\/Nathalie-Roche20-1536x1023.jpg 1536w, https:\/\/nathalieroche-comedienne.com\/wp-content\/uploads\/2022\/10\/Nathalie-Roche20-450x300.jpg 450w, https:\/\/nathalieroche-comedienne.com\/wp-content\/uploads\/2022\/10\/Nathalie-Roche20-90x60.jpg 90w, https:\/\/nathalieroche-comedienne.com\/wp-content\/uploads\/2022\/10\/Nathalie-Roche20.jpg 1732w\" sizes=\"auto, (max-width: 1024px) 100vw, 1024px\" \/><\/figure>\n\n\n\n<div class=\"wp-block-group is-vertical is-layout-flex wp-container-core-group-is-layout-8cf370e7 wp-block-group-is-layout-flex\">\n<div class=\"wp-block-group\"><div class=\"wp-block-group__inner-container is-layout-flow wp-block-group-is-layout-flow\">\n<div class=\"wp-block-group\"><div class=\"wp-block-group__inner-container is-layout-flow wp-block-group-is-layout-flow\">\n<div class=\"wp-block-group is-vertical is-layout-flex wp-container-core-group-is-layout-8cf370e7 wp-block-group-is-layout-flex\">\n<p class=\"has-text-color\" style=\"color:#517897\"><strong>CIN\u00c9MA<\/strong> \u200b <\/p>\n\n\n\n<p><\/p>\n\n\n\n<div class=\"wp-block-group is-vertical is-layout-flex wp-container-core-group-is-layout-8cf370e7 wp-block-group-is-layout-flex\">\n<div class=\"wp-block-group\"><div class=\"wp-block-group__inner-container is-layout-flow wp-block-group-is-layout-flow\">\n<div class=\"wp-block-group is-vertical is-layout-flex wp-container-core-group-is-layout-8cf370e7 wp-block-group-is-layout-flex\">\n<div class=\"wp-block-group is-vertical is-layout-flex wp-container-core-group-is-layout-8cf370e7 wp-block-group-is-layout-flex\">\n<p><strong>MATA<\/strong>&nbsp;Long-M\u00e9trage de Rachel Lang \/ R\u00f4le de Bobette<\/p>\n\n\n\n<p><strong>LE BRIO<\/strong> Long-M\u00e9trage d\u2019Yvan Attal \u2013 R\u00f4le de l\u2019interpr\u00e8te en Langue des signes fran\u00e7aise.<\/p>\n\n\n\n<p><strong>HAPPY FEW <\/strong>Long-M\u00e9trage d\u2019Anthony Cordier \u2013 R\u00f4le de No\u00e9mie.<\/p>\n<\/div>\n\n\n\n<p><strong>PASSE-PASSE<\/strong> Long-M\u00e9trage de Tonie Marshall \u2013 R\u00f4le de Nathalie (ONG).<\/p>\n\n\n\n<p><strong>CABARET PARADIS<\/strong> Long-M\u00e9trage de Corinne et Gilles Benizio \u2013 R\u00f4le de l\u2019Entra\u00eeneuse.<\/p>\n\n\n\n<p><strong>UN TICKET POUR L\u2019ESPACE<\/strong> Long-M\u00e9trage d\u2019Eric Lartigau \u2013 Doublure de Marina Fo\u00efs.<\/p>\n\n\n\n<p><strong>MA FEMME S\u2019APPELLE RAYMOND<\/strong> Long-M\u00e9trage de J-M Poiret \u2013 R\u00f4le de la caissi\u00e8re du cin\u00e9ma.<\/p>\n<\/div>\n<\/div><\/div>\n<\/div>\n<\/div>\n<\/div><\/div>\n<\/div><\/div>\n<\/div>\n\n\n\n<hr class=\"wp-block-separator has-alpha-channel-opacity\"\/>\n\n\n\n<div class=\"wp-block-group is-vertical is-layout-flex wp-container-core-group-is-layout-8cf370e7 wp-block-group-is-layout-flex\">\n<div class=\"wp-block-group\"><div class=\"wp-block-group__inner-container is-layout-flow wp-block-group-is-layout-flow\">\n<div class=\"wp-block-group is-vertical is-layout-flex wp-container-core-group-is-layout-8cf370e7 wp-block-group-is-layout-flex\">\n<div class=\"wp-block-group\"><div class=\"wp-block-group__inner-container is-layout-flow wp-block-group-is-layout-flow\">\n<div class=\"wp-block-group\"><div class=\"wp-block-group__inner-container is-layout-flow wp-block-group-is-layout-flow\">\n<div class=\"wp-block-group\"><div class=\"wp-block-group__inner-container is-layout-flow wp-block-group-is-layout-flow\">\n<div class=\"wp-block-group is-vertical is-layout-flex wp-container-core-group-is-layout-8cf370e7 wp-block-group-is-layout-flex\">\n<div class=\"wp-block-group\"><div class=\"wp-block-group__inner-container is-layout-flow wp-block-group-is-layout-flow\">\n<div class=\"wp-block-group is-vertical is-layout-flex wp-container-core-group-is-layout-8cf370e7 wp-block-group-is-layout-flex\">\n<div class=\"wp-block-group is-vertical is-layout-flex wp-container-core-group-is-layout-8cf370e7 wp-block-group-is-layout-flex\">\n<div class=\"wp-block-group\"><div class=\"wp-block-group__inner-container is-layout-flow wp-block-group-is-layout-flow\">\n<div class=\"wp-block-group is-vertical is-layout-flex wp-container-core-group-is-layout-8cf370e7 wp-block-group-is-layout-flex\">\n<p class=\"has-text-color\" style=\"color:#517897\"><strong>T\u00c9L\u00c9VISION<\/strong>\u200b<\/p>\n\n\n\n<p><\/p>\n\n\n\n<div class=\"wp-block-group\"><div class=\"wp-block-group__inner-container is-layout-flow wp-block-group-is-layout-flow\">\n<div class=\"wp-block-group\"><div class=\"wp-block-group__inner-container is-layout-flow wp-block-group-is-layout-flow\">\n<div class=\"wp-block-group is-vertical is-layout-flex wp-container-core-group-is-layout-8cf370e7 wp-block-group-is-layout-flex\">\n<div class=\"wp-block-group is-vertical is-layout-flex wp-container-core-group-is-layout-8cf370e7 wp-block-group-is-layout-flex\">\n<p><strong>CAPITAINE MARLEAU<\/strong> S\u00e9rie France3 \u00ab Reine des Glaces \u00bb \/ R\u00e9al. Jos\u00e9e Dayan \/ R\u00f4le de l\u2019Assistante du Capitaine Marleau (bilingue en fran\u00e7ais et Langue des Signes fran\u00e7aise).<\/p>\n\n\n\n<p><strong>SAM<\/strong> S\u00e9rie TF1 S.4 \/ Ep. 28 \u00ab\u00a0Julien\u00a0\u00bb \/ R\u00e9al. Jean-Marc Brondolo \/ R\u00f4le de l\u2019AVS de Julien (bilingue en fran\u00e7ais et Langue des Signes fran\u00e7aise).<\/p>\n\n\n\n<p><strong>NINA<\/strong> S\u00e9rie France 2 S.4 \u00e0 6 r\u00e9alis\u00e9 par Eric Le Roux et J\u00e9r\u00f4me Portheault \u2013 R\u00f4le de l\u2019infirmi\u00e8re Nathalie.<\/p>\n\n\n\n<p><strong>NOS B\u00c9B\u00c9S ONT UNE HISTOIRE<\/strong> \u2013 T\u00e9l\u00e9film de Romain Icard \/ R\u00f4le de la Sage-femme.<\/p>\n<\/div>\n\n\n\n<p><strong>AFFAIRES CLASS\u00c9ES<\/strong> S.3 \/ Ep. \u00ab L\u2019Affaire Garcia \u00bb \/ R\u00e9al. Fr\u00e9d\u00e9ric Provost \/ R\u00f4le de Madame Garcia.<\/p>\n\n\n\n<p><strong>L\u2019ENFANT DU SECRET<\/strong> T\u00e9l\u00e9film France2 \/ R\u00e9al. Serge Meynard \/ R\u00f4le de la Nourrisse (bilingue en fran\u00e7ais et Langue des Signes fran\u00e7aise).<\/p>\n\n\n\n<p><strong>HOMICIDES<\/strong> S\u00e9rie France2 \/ Ep.6 \/ R\u00e9al. Christophe Barraud \/ R\u00f4le de la vendeuse du March\u00e9.<\/p>\n\n\n\n<p><strong>JOSEPHINE ANGE GARDIEN<\/strong> S\u00e9rie TF1 \/ Ep. \u00ab Crise de larmes \u00bb \/ R\u00e9al Patrick Malakian \/ R\u00f4le de la secr\u00e9taire du Maire.<\/p>\n\n\n\n<p><strong>FEMMES DE LOI<\/strong> S\u00e9rie TF1 \/ Ep.12 \/ R\u00f4le de l\u2019infirmi\u00e8re. \u200b\u200b<\/p>\n<\/div>\n\n\n\n<p><\/p>\n\n\n\n<hr class=\"wp-block-separator has-alpha-channel-opacity\"\/>\n<\/div><\/div>\n<\/div><\/div>\n<\/div>\n<\/div><\/div>\n<\/div>\n<\/div>\n<\/div><\/div>\n<\/div>\n<\/div><\/div>\n<\/div><\/div>\n<\/div><\/div>\n<\/div>\n<\/div><\/div>\n<\/div>\n\n\n\n<div class=\"wp-block-group\"><div class=\"wp-block-group__inner-container is-layout-flow wp-block-group-is-layout-flow\">\n<div class=\"wp-block-group\"><div class=\"wp-block-group__inner-container is-layout-flow wp-block-group-is-layout-flow\">\n<div class=\"wp-block-group is-vertical is-layout-flex wp-container-core-group-is-layout-8cf370e7 wp-block-group-is-layout-flex\">\n<p class=\"has-text-color\" style=\"color:#517897\"><strong>TH\u00c9\u00c2TRE<\/strong> \u200b <\/p>\n\n\n\n<p><\/p>\n\n\n\n<p><\/p>\n\n\n\n<div class=\"wp-block-group is-vertical is-layout-flex wp-container-core-group-is-layout-8cf370e7 wp-block-group-is-layout-flex\">\n<p><strong>LE CHANT DE COTON &nbsp;<\/strong>spectacle th\u00e9\u00e2tral et musical&nbsp; autour de la Langue des Signes Fran\u00e7aise de Nathalie Roche et Caryn Trinca.<br><strong>PO\u00c8MES EROTIQUES<\/strong> <\/p>\n\n\n\n<p><strong>THEATRE DE RUE ET CONTES<\/strong> pour enfants et adultes.<\/p>\n\n\n\n<p><strong>LA CUISINIERE ENCHANT\u00c9E<\/strong> Compagnie des Contraires \/ th\u00e9\u00e2tre de pr\u00e9vention tout public.<\/p>\n\n\n\n<p><strong>R\u00c8GLES DU BIEN VIVRE ENSEMBLE<\/strong> Compagnies des Contraires \/ th\u00e9\u00e2tre de pr\u00e9vention tout public.<\/p>\n\n\n\n<p><strong>DANS UN SQUARE<\/strong> d\u2019Henry Gruvman \/ R\u00f4le Principal.<\/p>\n\n\n\n<p><\/p>\n\n\n\n<p><\/p>\n<\/div>\n<\/div>\n<\/div><\/div>\n<\/div><\/div>\n\n\n\n<div class=\"wp-block-group is-vertical is-layout-flex wp-container-core-group-is-layout-8cf370e7 wp-block-group-is-layout-flex\"><\/div>\n\n\n\n<hr class=\"wp-block-separator has-alpha-channel-opacity\"\/>\n\n\n\n<div class=\"wp-block-group\"><div class=\"wp-block-group__inner-container is-layout-flow wp-block-group-is-layout-flow\">\n<p class=\"has-text-color\" style=\"color:#517897\"><strong>FORMATION<\/strong> \u200b <\/p>\n\n\n\n<p><\/p>\n\n\n\n<div class=\"wp-block-group is-vertical is-layout-flex wp-container-core-group-is-layout-8cf370e7 wp-block-group-is-layout-flex\">\n<p><strong>COLLECTIF DU LIBRE ACTEUR<\/strong> avec S\u00e9bastien Bonnabel. <\/p>\n\n\n\n<p><strong>TOUT POUR JOUER<\/strong> : Ateliers Training Com\u00e9die avec le R\u00e9alisateur Nicolas Brossette, la Directrice de Casting Ang\u00e9lique Luisi. <\/p>\n\n\n\n<p><strong>ATELIERS DE TH\u00c9\u00c2TRE<\/strong> avec Viviane Vagh. <\/p>\n\n\n\n<p><strong>FORMATION D\u2019ART DRAMATIQUE<\/strong> au Conservatoire du Val d\u2019Oise.<\/p>\n<\/div>\n<\/div><\/div>\n\n\n\n<figure class=\"wp-block-gallery has-nested-images columns-default is-cropped wp-block-gallery-1 is-layout-flex wp-block-gallery-is-layout-flex\">\n<figure class=\"wp-block-image size-large\"><img loading=\"lazy\" decoding=\"async\" width=\"724\" height=\"1024\" data-id=\"105\" src=\"http:\/\/nathalieroche-comedienne.com\/wp-content\/uploads\/2022\/07\/Pe\u0302le-Me\u0302le-Ro\u0302les-724x1024.jpg\" alt=\"\" class=\"wp-image-105\" srcset=\"https:\/\/nathalieroche-comedienne.com\/wp-content\/uploads\/2022\/07\/Pe\u0302le-Me\u0302le-Ro\u0302les-724x1024.jpg 724w, https:\/\/nathalieroche-comedienne.com\/wp-content\/uploads\/2022\/07\/Pe\u0302le-Me\u0302le-Ro\u0302les-212x300.jpg 212w, https:\/\/nathalieroche-comedienne.com\/wp-content\/uploads\/2022\/07\/Pe\u0302le-Me\u0302le-Ro\u0302les-768x1087.jpg 768w, https:\/\/nathalieroche-comedienne.com\/wp-content\/uploads\/2022\/07\/Pe\u0302le-Me\u0302le-Ro\u0302les-1085x1536.jpg 1085w, https:\/\/nathalieroche-comedienne.com\/wp-content\/uploads\/2022\/07\/Pe\u0302le-Me\u0302le-Ro\u0302les-42x60.jpg 42w, https:\/\/nathalieroche-comedienne.com\/wp-content\/uploads\/2022\/07\/Pe\u0302le-Me\u0302le-Ro\u0302les.jpg 1240w\" sizes=\"auto, (max-width: 724px) 100vw, 724px\" \/><\/figure>\n<\/figure>\n\n\n\n<figure class=\"wp-block-embed is-type-video is-provider-youtube wp-block-embed-youtube aligncenter wp-embed-aspect-16-9 wp-has-aspect-ratio\"><div class=\"wp-block-embed__wrapper\">\n<iframe loading=\"lazy\" title=\"Nathalie Roche D\u00e9mo Com\u00e9dienne\" width=\"1020\" height=\"574\" src=\"https:\/\/www.youtube.com\/embed\/9Y3PUqDRD_c?start=3&#038;feature=oembed\" frameborder=\"0\" allow=\"accelerometer; autoplay; clipboard-write; encrypted-media; gyroscope; picture-in-picture; web-share\" referrerpolicy=\"strict-origin-when-cross-origin\" allowfullscreen><\/iframe>\n<\/div><figcaption class=\"wp-element-caption\">D\u00e9mo<\/figcaption><\/figure>\n\n\n\n<figure class=\"wp-block-embed is-type-video is-provider-youtube wp-block-embed-youtube aligncenter wp-embed-aspect-16-9 wp-has-aspect-ratio\"><div class=\"wp-block-embed__wrapper\">\n<iframe loading=\"lazy\" title=\"S\u00e9rie Capitaine Marleau - FRANCE3\" width=\"1020\" height=\"574\" src=\"https:\/\/www.youtube.com\/embed\/DtnwgZvGPko?start=14&#038;feature=oembed\" frameborder=\"0\" allow=\"accelerometer; autoplay; clipboard-write; encrypted-media; gyroscope; picture-in-picture; web-share\" referrerpolicy=\"strict-origin-when-cross-origin\" allowfullscreen><\/iframe>\n<\/div><figcaption class=\"wp-element-caption\">Capitaine Marleau<\/figcaption><\/figure>\n\n\n\n<p><\/p>\n","protected":false},"excerpt":{"rendered":"<p>CIN\u00c9MA \u200b MATA&nbsp;Long-M\u00e9trage de Rachel Lang \/ R\u00f4le de Bobette LE BRIO Long-M\u00e9trage d\u2019Yvan Attal \u2013 R\u00f4le de l\u2019interpr\u00e8te en Langue des signes fran\u00e7aise. HAPPY FEW Long-M\u00e9trage d\u2019Anthony Cordier \u2013 R\u00f4le de No\u00e9mie. PASSE-PASSE Long-M\u00e9trage de Tonie Marshall \u2013 R\u00f4le de Nathalie (ONG). CABARET PARADIS Long-M\u00e9trage de Corinne et Gilles Benizio \u2013 R\u00f4le de l\u2019Entra\u00eeneuse. &hellip; <\/p>\n","protected":false},"author":1,"featured_media":0,"parent":0,"menu_order":0,"comment_status":"closed","ping_status":"closed","template":"","meta":{"footnotes":""},"class_list":["post-73","page","type-page","status-publish","hentry"],"_links":{"self":[{"href":"https:\/\/nathalieroche-comedienne.com\/index.php\/wp-json\/wp\/v2\/pages\/73","targetHints":{"allow":["GET"]}}],"collection":[{"href":"https:\/\/nathalieroche-comedienne.com\/index.php\/wp-json\/wp\/v2\/pages"}],"about":[{"href":"https:\/\/nathalieroche-comedienne.com\/index.php\/wp-json\/wp\/v2\/types\/page"}],"author":[{"embeddable":true,"href":"https:\/\/nathalieroche-comedienne.com\/index.php\/wp-json\/wp\/v2\/users\/1"}],"replies":[{"embeddable":true,"href":"https:\/\/nathalieroche-comedienne.com\/index.php\/wp-json\/wp\/v2\/comments?post=73"}],"version-history":[{"count":69,"href":"https:\/\/nathalieroche-comedienne.com\/index.php\/wp-json\/wp\/v2\/pages\/73\/revisions"}],"predecessor-version":[{"id":1055,"href":"https:\/\/nathalieroche-comedienne.com\/index.php\/wp-json\/wp\/v2\/pages\/73\/revisions\/1055"}],"wp:attachment":[{"href":"https:\/\/nathalieroche-comedienne.com\/index.php\/wp-json\/wp\/v2\/media?parent=73"}],"curies":[{"name":"wp","href":"https:\/\/api.w.org\/{rel}","templated":true}]}}