{"id":175,"date":"2022-08-02T17:41:32","date_gmt":"2022-08-02T15:41:32","guid":{"rendered":"http:\/\/nathalieroche-comedienne.com\/?page_id=175"},"modified":"2026-03-19T22:35:48","modified_gmt":"2026-03-19T21:35:48","slug":"chant","status":"publish","type":"page","link":"https:\/\/nathalieroche-comedienne.com\/index.php\/chant\/","title":{"rendered":"Chant"},"content":{"rendered":"\n<p class=\"has-text-color has-medium-font-size\" style=\"color:#517897\"><strong>CHANT\/COM\u00c9DIE MUSICALE<\/strong><\/p>\n\n\n\n<p><strong>M\u00c9NOPAUSE <\/strong>Com\u00e9die musicale MES et co-\u00e9crite par Alex Goude\/ Com\u00e9die et chant-sign\u00e9 (LSF) de la chanson \u00ab&nbsp;M\u00e9nopaus\u00e9e&nbsp;\u00bb (Journ\u00e9e Internationale LSF 2024).&nbsp;<\/p>\n\n\n\n<p>Spectacle Concert <strong>\u00ab\u00a0OSE ANGE\u00a0\u00bb<\/strong> qui associe chansons et d\u00e9veloppement personnel cr\u00e9e par Bruno Bazinet (Chanteuse \/ Choriste).<\/p>\n\n\n\n<p>Spectacle th\u00e9\u00e2tral et musical <strong>\u00ab\u00a0LE CHANT DE COTON\u00a0\u00bb<\/strong> autour de la Langue des Signes Fran\u00e7aise de Caryn Trinca et Nathalie Roche (R\u00f4le principal).<\/p>\n\n\n\n<p>Com\u00e9die musicale <strong>\u00ab\u00a0BONNE NOUVELLE LOUISIANE\u00a0\u00bb<\/strong> de et MES par Viviane Vagh.<\/p>\n\n\n\n<p><strong>CHORISTE DE VARIETE<\/strong> pour divers chanteurs dont C. J\u00e9r\u00f4me.<\/p>\n\n\n\n<div class=\"wp-block-columns is-layout-flex wp-container-core-columns-is-layout-9d6595d7 wp-block-columns-is-layout-flex\">\n<div class=\"wp-block-column is-layout-flow wp-block-column-is-layout-flow\">\n<figure class=\"wp-block-embed is-type-video is-provider-youtube wp-block-embed-youtube wp-embed-aspect-16-9 wp-has-aspect-ratio\"><div class=\"wp-block-embed__wrapper\">\n<iframe loading=\"lazy\" title=\"Nathalie Roche - Johnny, tu n&#039;es pas un ange (cover)\" width=\"1020\" height=\"574\" src=\"https:\/\/www.youtube.com\/embed\/pbSFPZEN8WA?feature=oembed\" frameborder=\"0\" allow=\"accelerometer; autoplay; clipboard-write; encrypted-media; gyroscope; picture-in-picture; web-share\" referrerpolicy=\"strict-origin-when-cross-origin\" allowfullscreen><\/iframe>\n<\/div><\/figure>\n<\/div>\n\n\n\n<div class=\"wp-block-column is-layout-flow wp-block-column-is-layout-flow\">\n<figure class=\"wp-block-embed is-type-video is-provider-youtube wp-block-embed-youtube wp-embed-aspect-16-9 wp-has-aspect-ratio\"><div class=\"wp-block-embed__wrapper\">\n<iframe loading=\"lazy\" title=\"Nathalie Roche - Maybe this time (cover)\" width=\"1020\" height=\"574\" src=\"https:\/\/www.youtube.com\/embed\/06Q5lqpKAGo?feature=oembed\" frameborder=\"0\" allow=\"accelerometer; autoplay; clipboard-write; encrypted-media; gyroscope; picture-in-picture; web-share\" referrerpolicy=\"strict-origin-when-cross-origin\" allowfullscreen><\/iframe>\n<\/div><\/figure>\n<\/div>\n<\/div>\n\n\n\n<figure class=\"wp-block-embed is-type-video is-provider-youtube wp-block-embed-youtube wp-embed-aspect-16-9 wp-has-aspect-ratio\"><div class=\"wp-block-embed__wrapper\">\n<iframe loading=\"lazy\" title=\"Bruno Bazinet - Ose Ange - Teaser long\" width=\"1020\" height=\"574\" src=\"https:\/\/www.youtube.com\/embed\/ITxpjfZV8OU?feature=oembed\" frameborder=\"0\" allow=\"accelerometer; autoplay; clipboard-write; encrypted-media; gyroscope; picture-in-picture; web-share\" referrerpolicy=\"strict-origin-when-cross-origin\" allowfullscreen><\/iframe>\n<\/div><\/figure>\n","protected":false},"excerpt":{"rendered":"<p>CHANT\/COM\u00c9DIE MUSICALE M\u00c9NOPAUSE Com\u00e9die musicale MES et co-\u00e9crite par Alex Goude\/ Com\u00e9die et chant-sign\u00e9 (LSF) de la chanson \u00ab&nbsp;M\u00e9nopaus\u00e9e&nbsp;\u00bb (Journ\u00e9e Internationale LSF 2024).&nbsp; Spectacle Concert \u00ab\u00a0OSE ANGE\u00a0\u00bb qui associe chansons et d\u00e9veloppement personnel cr\u00e9e par Bruno Bazinet (Chanteuse \/ Choriste). Spectacle th\u00e9\u00e2tral et musical \u00ab\u00a0LE CHANT DE COTON\u00a0\u00bb autour de la Langue des Signes Fran\u00e7aise &hellip; <\/p>\n","protected":false},"author":1,"featured_media":0,"parent":0,"menu_order":0,"comment_status":"closed","ping_status":"closed","template":"","meta":{"footnotes":""},"class_list":["post-175","page","type-page","status-publish","hentry"],"_links":{"self":[{"href":"https:\/\/nathalieroche-comedienne.com\/index.php\/wp-json\/wp\/v2\/pages\/175","targetHints":{"allow":["GET"]}}],"collection":[{"href":"https:\/\/nathalieroche-comedienne.com\/index.php\/wp-json\/wp\/v2\/pages"}],"about":[{"href":"https:\/\/nathalieroche-comedienne.com\/index.php\/wp-json\/wp\/v2\/types\/page"}],"author":[{"embeddable":true,"href":"https:\/\/nathalieroche-comedienne.com\/index.php\/wp-json\/wp\/v2\/users\/1"}],"replies":[{"embeddable":true,"href":"https:\/\/nathalieroche-comedienne.com\/index.php\/wp-json\/wp\/v2\/comments?post=175"}],"version-history":[{"count":5,"href":"https:\/\/nathalieroche-comedienne.com\/index.php\/wp-json\/wp\/v2\/pages\/175\/revisions"}],"predecessor-version":[{"id":1061,"href":"https:\/\/nathalieroche-comedienne.com\/index.php\/wp-json\/wp\/v2\/pages\/175\/revisions\/1061"}],"wp:attachment":[{"href":"https:\/\/nathalieroche-comedienne.com\/index.php\/wp-json\/wp\/v2\/media?parent=175"}],"curies":[{"name":"wp","href":"https:\/\/api.w.org\/{rel}","templated":true}]}}