{"id":168,"date":"2022-08-02T17:32:42","date_gmt":"2022-08-02T15:32:42","guid":{"rendered":"http:\/\/nathalieroche-comedienne.com\/?page_id=168"},"modified":"2022-10-09T16:56:05","modified_gmt":"2022-10-09T14:56:05","slug":"home-studio","status":"publish","type":"page","link":"https:\/\/nathalieroche-comedienne.com\/index.php\/home-studio\/","title":{"rendered":"Home studio"},"content":{"rendered":"\n<div class=\"wp-block-columns is-layout-flex wp-container-core-columns-is-layout-9d6595d7 wp-block-columns-is-layout-flex\">\n<div class=\"wp-block-column is-layout-flow wp-block-column-is-layout-flow\">\n<p class=\"has-text-color\" style=\"color:#517897\"><strong>Com\u00e9dienne, chanteuse avec 20 ans d\u2019exp\u00e9rience, je vous propose de mettre ma voix au service de votre projet.<\/strong><\/p>\n\n\n\n<p><\/p>\n\n\n\n<p>Impliqu\u00e9e et \u00e0 l\u2019\u00e9coute, je m\u2019adapte \u00e0 vos besoins. Polyvalente, ma voix peut \u00eatre douce et chaleureuse, enfantine et rieuse, dynamique, journalistique, pour toutes sortes de productions : publicitaires, documentaires, films institutionnels, r\u00e9pondeurs ou jingles chant\u00e9s, mais aussi s\u00e9ries et longs-m\u00e9trages\u2026<\/p>\n\n\n\n<p><\/p>\n\n\n\n<p>Dans un esprit de libert\u00e9 et afin de vous servir au mieux, j\u2019enregistre en Home studio avec un ing\u00e9nieur du son, et tout le mat\u00e9riel professionnel n\u00e9cessaire \u00e0 l\u2019enregistrement et au mixage.<\/p>\n\n\n\n<p><\/p>\n\n\n\n<p>Ind\u00e9pendante, j\u2019ai le statut d\u2019intermittente du spectacle. Je peux facturer mes enregistrements et vous les envoyer directement.<\/p>\n<\/div>\n\n\n\n<div class=\"wp-block-column is-layout-flow wp-block-column-is-layout-flow\">\n<h2 class=\"has-text-color wp-block-heading\" style=\"color:#517897\">Du mat\u00e9riel professionnel<br>pour les enregistrements<\/h2>\n\n\n\n<p>Du mat\u00e9riel professionnel \u00e0 disposition pour vos Voix-off :<\/p>\n\n\n\n<p>Pour l\u2019enregistrement de ma voix, et afin de vous livrer un contenu le plus professionnel possible et dans les meilleurs d\u00e9lais, j\u2019ai choisi un \u00e9quipement complet et de qualit\u00e9 :<\/p>\n\n\n\n<ul class=\"wp-block-list\"><li><strong>Cabine Speak insonoris\u00e9e avec mousse acoustique<\/strong><\/li><li><strong>Micro Voix-Off : Shure SM7B<\/strong><\/li><li><strong>Carte son : PreSonus Studio 681c<\/strong><\/li><li><strong>Logiciel : Protools<\/strong><\/li><li><strong>Ordinateur IMac M1, 2021<\/strong><\/li><li><strong>Filtre Anti-Pop<\/strong><\/li><li><strong>Casque Sony professionnel<\/strong><\/li><\/ul>\n\n\n\n<p>Ils sont nombreux \u00e0 m\u2019avoir d\u00e9j\u00e0 fait confiance.<\/p>\n\n\n\n<p>J\u2019ai collabor\u00e9 avec : <strong>Channel, le Mus\u00e9e de la Poste, Groupama, Picard, Roger Gallet, Malakoff-M\u00e9d\u00e9ric, D\u00e9cathlon, la CAF\u2026<\/strong><\/p>\n<\/div>\n<\/div>\n","protected":false},"excerpt":{"rendered":"<p>Com\u00e9dienne, chanteuse avec 20 ans d\u2019exp\u00e9rience, je vous propose de mettre ma voix au service de votre projet. Impliqu\u00e9e et \u00e0 l\u2019\u00e9coute, je m\u2019adapte \u00e0 vos besoins. Polyvalente, ma voix peut \u00eatre douce et chaleureuse, enfantine et rieuse, dynamique, journalistique, pour toutes sortes de productions : publicitaires, documentaires, films institutionnels, r\u00e9pondeurs ou jingles chant\u00e9s, mais &hellip; <\/p>\n","protected":false},"author":1,"featured_media":0,"parent":0,"menu_order":0,"comment_status":"closed","ping_status":"closed","template":"","meta":{"footnotes":""},"class_list":["post-168","page","type-page","status-publish","hentry"],"_links":{"self":[{"href":"https:\/\/nathalieroche-comedienne.com\/index.php\/wp-json\/wp\/v2\/pages\/168","targetHints":{"allow":["GET"]}}],"collection":[{"href":"https:\/\/nathalieroche-comedienne.com\/index.php\/wp-json\/wp\/v2\/pages"}],"about":[{"href":"https:\/\/nathalieroche-comedienne.com\/index.php\/wp-json\/wp\/v2\/types\/page"}],"author":[{"embeddable":true,"href":"https:\/\/nathalieroche-comedienne.com\/index.php\/wp-json\/wp\/v2\/users\/1"}],"replies":[{"embeddable":true,"href":"https:\/\/nathalieroche-comedienne.com\/index.php\/wp-json\/wp\/v2\/comments?post=168"}],"version-history":[{"count":3,"href":"https:\/\/nathalieroche-comedienne.com\/index.php\/wp-json\/wp\/v2\/pages\/168\/revisions"}],"predecessor-version":[{"id":875,"href":"https:\/\/nathalieroche-comedienne.com\/index.php\/wp-json\/wp\/v2\/pages\/168\/revisions\/875"}],"wp:attachment":[{"href":"https:\/\/nathalieroche-comedienne.com\/index.php\/wp-json\/wp\/v2\/media?parent=168"}],"curies":[{"name":"wp","href":"https:\/\/api.w.org\/{rel}","templated":true}]}}