{"id":14,"date":"2022-07-29T19:54:59","date_gmt":"2022-07-29T17:54:59","guid":{"rendered":"http:\/\/nathalieroche-comedienne.com\/?page_id=14"},"modified":"2023-05-22T14:47:07","modified_gmt":"2023-05-22T12:47:07","slug":"contact","status":"publish","type":"page","link":"https:\/\/nathalieroche-comedienne.com\/index.php\/contact\/","title":{"rendered":"Contact"},"content":{"rendered":"\n<div class=\"wp-block-columns is-layout-flex wp-container-core-columns-is-layout-9d6595d7 wp-block-columns-is-layout-flex\">\n<div class=\"wp-block-column is-layout-flow wp-block-column-is-layout-flow\">\n<p class=\"has-text-color\" style=\"color:#517897\"><strong>Com\u00e9dienne :<\/strong><\/p>\n\n\n\n<p>Pour tout projet de com\u00e9dienne :<\/p>\n\n\n\n<p><strong>Agent<\/strong><\/p>\n\n\n\n<p><strong>Anne LEGRAND-COULET<\/strong><\/p>\n\n\n\n<p><strong>REACT Talents<\/strong><br>34, Boulevard des Italiens &#8211; 75009 PARIS              (ET MONTPELLIER) <\/p>\n\n\n\n<p><strong>T\u00e9l. 0745153010<\/strong><\/p>\n\n\n\n<p><a href=\"mailto:react.talents@gmail.com\">react.talents@gmail.com<\/a><\/p>\n\n\n\n<p><a href=\"https:\/\/www.react-talents.fr\/artiste.cfm\/760188-Nathalie-ROCHE?id_artiste=760188&amp;fbclid=IwAR1e58qhZOG7KZWvxMm1lKVvyk_64nGLFHEbQrmXSHMNPVip7qTa7C1k6ug\" target=\"_blank\" rel=\"noreferrer noopener\">REACT Talents<\/a><\/p>\n\n\n\n<figure class=\"wp-block-image size-large is-resized\"><img loading=\"lazy\" decoding=\"async\" src=\"http:\/\/nathalieroche-comedienne.com\/wp-content\/uploads\/2023\/05\/20230522_143508-1024x1016.jpg\" alt=\"\" class=\"wp-image-1028\" width=\"171\" height=\"169\" srcset=\"https:\/\/nathalieroche-comedienne.com\/wp-content\/uploads\/2023\/05\/20230522_143508-1024x1016.jpg 1024w, https:\/\/nathalieroche-comedienne.com\/wp-content\/uploads\/2023\/05\/20230522_143508-300x298.jpg 300w, https:\/\/nathalieroche-comedienne.com\/wp-content\/uploads\/2023\/05\/20230522_143508-768x762.jpg 768w, https:\/\/nathalieroche-comedienne.com\/wp-content\/uploads\/2023\/05\/20230522_143508-60x60.jpg 60w, https:\/\/nathalieroche-comedienne.com\/wp-content\/uploads\/2023\/05\/20230522_143508.jpg 1080w\" sizes=\"auto, (max-width: 171px) 100vw, 171px\" \/><\/figure>\n<\/div>\n\n\n\n<div class=\"wp-block-column is-layout-flow wp-block-column-is-layout-flow\">\n<p class=\"has-text-color\" style=\"color:#517897\"><strong>Voix off :&nbsp;<\/strong><\/p>\n\n\n\n<p>Pour tout projet de voix off :<\/p>\n\n\n\n<p><strong>Agence Nouvelle Ere<\/strong><\/p>\n\n\n\n<p><strong>Karoline Bernhard<\/strong><\/p>\n\n\n\n<p><strong>01 43 14 00 04<\/strong><\/p>\n\n\n\n<p>km@voice-ere.fr<\/p>\n\n\n\n<figure class=\"wp-block-image size-full is-resized\"><img loading=\"lazy\" decoding=\"async\" src=\"http:\/\/nathalieroche-comedienne.com\/wp-content\/uploads\/2022\/10\/305144121_422024270032938_9032571127407822128_n.jpg\" alt=\"\" class=\"wp-image-881\" width=\"160\" height=\"160\" srcset=\"https:\/\/nathalieroche-comedienne.com\/wp-content\/uploads\/2022\/10\/305144121_422024270032938_9032571127407822128_n.jpg 640w, https:\/\/nathalieroche-comedienne.com\/wp-content\/uploads\/2022\/10\/305144121_422024270032938_9032571127407822128_n-300x300.jpg 300w, https:\/\/nathalieroche-comedienne.com\/wp-content\/uploads\/2022\/10\/305144121_422024270032938_9032571127407822128_n-150x150.jpg 150w, https:\/\/nathalieroche-comedienne.com\/wp-content\/uploads\/2022\/10\/305144121_422024270032938_9032571127407822128_n-435x435.jpg 435w, https:\/\/nathalieroche-comedienne.com\/wp-content\/uploads\/2022\/10\/305144121_422024270032938_9032571127407822128_n-60x60.jpg 60w\" sizes=\"auto, (max-width: 160px) 100vw, 160px\" \/><\/figure>\n<\/div>\n<\/div>\n\n\n\n<p>Sinon, vous pouvez \u00e9galement me contacter par le biais du formulaire qui se trouve ici.<\/p>\n\n\n\n<div class=\"wp-block-contact-form-7-contact-form-selector\">\n<div class=\"wpcf7 no-js\" id=\"wpcf7-f390-o1\" lang=\"fr-FR\" dir=\"ltr\" data-wpcf7-id=\"390\">\n<div class=\"screen-reader-response\"><p role=\"status\" aria-live=\"polite\" aria-atomic=\"true\"><\/p> <ul><\/ul><\/div>\n<form action=\"\/index.php\/wp-json\/wp\/v2\/pages\/14#wpcf7-f390-o1\" method=\"post\" class=\"wpcf7-form init\" aria-label=\"Formulaire de contact\" novalidate=\"novalidate\" data-status=\"init\">\n<fieldset class=\"hidden-fields-container\"><input type=\"hidden\" name=\"_wpcf7\" value=\"390\" \/><input type=\"hidden\" name=\"_wpcf7_version\" value=\"6.1.4\" \/><input type=\"hidden\" name=\"_wpcf7_locale\" value=\"fr_FR\" \/><input type=\"hidden\" name=\"_wpcf7_unit_tag\" value=\"wpcf7-f390-o1\" \/><input type=\"hidden\" name=\"_wpcf7_container_post\" value=\"0\" \/><input type=\"hidden\" name=\"_wpcf7_posted_data_hash\" value=\"\" \/>\n<\/fieldset>\n<p><label> Votre nom<br \/>\n<span class=\"wpcf7-form-control-wrap\" data-name=\"your-name\"><input size=\"40\" maxlength=\"400\" class=\"wpcf7-form-control wpcf7-text wpcf7-validates-as-required\" aria-required=\"true\" aria-invalid=\"false\" value=\"\" type=\"text\" name=\"your-name\" \/><\/span> <\/label>\n<\/p>\n<p><label> Votre e-mail<br \/>\n<span class=\"wpcf7-form-control-wrap\" data-name=\"your-email\"><input size=\"40\" maxlength=\"400\" class=\"wpcf7-form-control wpcf7-email wpcf7-validates-as-required wpcf7-text wpcf7-validates-as-email\" aria-required=\"true\" aria-invalid=\"false\" value=\"\" type=\"email\" name=\"your-email\" \/><\/span> <\/label>\n<\/p>\n<p><label> Objet<br \/>\n<span class=\"wpcf7-form-control-wrap\" data-name=\"your-subject\"><input size=\"40\" maxlength=\"400\" class=\"wpcf7-form-control wpcf7-text wpcf7-validates-as-required\" aria-required=\"true\" aria-invalid=\"false\" value=\"\" type=\"text\" name=\"your-subject\" \/><\/span> <\/label>\n<\/p>\n<p><label> Votre message (facultatif)<br \/>\n<span class=\"wpcf7-form-control-wrap\" data-name=\"your-message\"><textarea cols=\"40\" rows=\"10\" maxlength=\"2000\" class=\"wpcf7-form-control wpcf7-textarea\" aria-invalid=\"false\" name=\"your-message\"><\/textarea><\/span> <\/label>\n<\/p>\n<p><input class=\"wpcf7-form-control wpcf7-submit has-spinner\" type=\"submit\" value=\"Envoyer\" \/>\n<\/p><div class=\"wpcf7-response-output\" aria-hidden=\"true\"><\/div>\n<\/form>\n<\/div>\n<\/div>\n\n\n\n<div class=\"wp-block-columns is-layout-flex wp-container-core-columns-is-layout-9d6595d7 wp-block-columns-is-layout-flex\">\n<div class=\"wp-block-column is-layout-flow wp-block-column-is-layout-flow\">\n<div class=\"wp-block-columns is-layout-flex wp-container-core-columns-is-layout-9d6595d7 wp-block-columns-is-layout-flex\">\n<div class=\"wp-block-column is-layout-flow wp-block-column-is-layout-flow\">\n<figure class=\"wp-block-image size-full is-resized\"><a href=\"https:\/\/www.facebook.com\/nathalie.roche.1460\" target=\"_blank\" rel=\"noreferrer noopener\"><img loading=\"lazy\" decoding=\"async\" src=\"http:\/\/nathalieroche-comedienne.com\/wp-content\/uploads\/2022\/10\/Logo-facebook.jpg\" alt=\"\" class=\"wp-image-902\" width=\"97\" height=\"100\" srcset=\"https:\/\/nathalieroche-comedienne.com\/wp-content\/uploads\/2022\/10\/Logo-facebook.jpg 388w, https:\/\/nathalieroche-comedienne.com\/wp-content\/uploads\/2022\/10\/Logo-facebook-292x300.jpg 292w, https:\/\/nathalieroche-comedienne.com\/wp-content\/uploads\/2022\/10\/Logo-facebook-58x60.jpg 58w\" sizes=\"auto, (max-width: 97px) 100vw, 97px\" \/><\/a><\/figure>\n<\/div>\n\n\n\n<div class=\"wp-block-column is-layout-flow wp-block-column-is-layout-flow\">\n<figure class=\"wp-block-image size-full is-resized\"><a href=\"https:\/\/www.instagram.com\/nathalie_rousse\/\" target=\"_blank\" rel=\"noreferrer noopener\"><img loading=\"lazy\" decoding=\"async\" src=\"http:\/\/nathalieroche-comedienne.com\/wp-content\/uploads\/2022\/10\/social-media-icons-set-vector-illustrator-logo-facebook-instagram-twitter-whatsapp-google-plus-google-pinterest-linkedin-vecteur-noir-blanc-reykfg-copie-2.jpg\" alt=\"\" class=\"wp-image-904\" width=\"106\" height=\"98\" srcset=\"https:\/\/nathalieroche-comedienne.com\/wp-content\/uploads\/2022\/10\/social-media-icons-set-vector-illustrator-logo-facebook-instagram-twitter-whatsapp-google-plus-google-pinterest-linkedin-vecteur-noir-blanc-reykfg-copie-2.jpg 423w, https:\/\/nathalieroche-comedienne.com\/wp-content\/uploads\/2022\/10\/social-media-icons-set-vector-illustrator-logo-facebook-instagram-twitter-whatsapp-google-plus-google-pinterest-linkedin-vecteur-noir-blanc-reykfg-copie-2-300x279.jpg 300w, https:\/\/nathalieroche-comedienne.com\/wp-content\/uploads\/2022\/10\/social-media-icons-set-vector-illustrator-logo-facebook-instagram-twitter-whatsapp-google-plus-google-pinterest-linkedin-vecteur-noir-blanc-reykfg-copie-2-65x60.jpg 65w\" sizes=\"auto, (max-width: 106px) 100vw, 106px\" \/><\/a><\/figure>\n<\/div>\n\n\n\n<div class=\"wp-block-column is-layout-flow wp-block-column-is-layout-flow\"><\/div>\n<\/div>\n<\/div>\n\n\n\n<div class=\"wp-block-column is-layout-flow wp-block-column-is-layout-flow\"><\/div>\n<\/div>\n\n\n\n<p><\/p>\n\n\n\n<p><\/p>\n\n\n\n<p><\/p>\n\n\n\n<p><\/p>\n\n\n\n<p class=\"has-small-font-size\">Site r\u00e9alis\u00e9 par \u00a9 Bruno Bazinet &#8211; 2022<\/p>\n","protected":false},"excerpt":{"rendered":"<p>Com\u00e9dienne : Pour tout projet de com\u00e9dienne : Agent Anne LEGRAND-COULET REACT Talents34, Boulevard des Italiens &#8211; 75009 PARIS (ET MONTPELLIER) T\u00e9l. 0745153010 react.talents@gmail.com REACT Talents Voix off :&nbsp; Pour tout projet de voix off : Agence Nouvelle Ere Karoline Bernhard 01 43 14 00 04 km@voice-ere.fr Sinon, vous pouvez \u00e9galement me contacter par le &hellip; <\/p>\n","protected":false},"author":1,"featured_media":0,"parent":0,"menu_order":0,"comment_status":"closed","ping_status":"closed","template":"","meta":{"footnotes":""},"class_list":["post-14","page","type-page","status-publish","hentry"],"_links":{"self":[{"href":"https:\/\/nathalieroche-comedienne.com\/index.php\/wp-json\/wp\/v2\/pages\/14","targetHints":{"allow":["GET"]}}],"collection":[{"href":"https:\/\/nathalieroche-comedienne.com\/index.php\/wp-json\/wp\/v2\/pages"}],"about":[{"href":"https:\/\/nathalieroche-comedienne.com\/index.php\/wp-json\/wp\/v2\/types\/page"}],"author":[{"embeddable":true,"href":"https:\/\/nathalieroche-comedienne.com\/index.php\/wp-json\/wp\/v2\/users\/1"}],"replies":[{"embeddable":true,"href":"https:\/\/nathalieroche-comedienne.com\/index.php\/wp-json\/wp\/v2\/comments?post=14"}],"version-history":[{"count":31,"href":"https:\/\/nathalieroche-comedienne.com\/index.php\/wp-json\/wp\/v2\/pages\/14\/revisions"}],"predecessor-version":[{"id":1029,"href":"https:\/\/nathalieroche-comedienne.com\/index.php\/wp-json\/wp\/v2\/pages\/14\/revisions\/1029"}],"wp:attachment":[{"href":"https:\/\/nathalieroche-comedienne.com\/index.php\/wp-json\/wp\/v2\/media?parent=14"}],"curies":[{"name":"wp","href":"https:\/\/api.w.org\/{rel}","templated":true}]}}