{"id":12,"date":"2022-07-29T19:54:59","date_gmt":"2022-07-29T17:54:59","guid":{"rendered":"http:\/\/nathalieroche-comedienne.com\/?page_id=12"},"modified":"2026-03-26T16:40:47","modified_gmt":"2026-03-26T15:40:47","slug":"coaching","status":"publish","type":"page","link":"https:\/\/nathalieroche-comedienne.com\/index.php\/coaching\/","title":{"rendered":"Coaching"},"content":{"rendered":"\n<p class=\"has-text-color\" style=\"color:#517897\"><strong>COACH COMEDIE ET LSF \/ ENFANTS ET ADULTES<\/strong><\/p>\n\n\n\n<div class=\"wp-block-group\"><div class=\"wp-block-group__inner-container is-layout-flow wp-block-group-is-layout-flow\">\n<div class=\"wp-block-group is-vertical is-layout-flex wp-container-core-group-is-layout-8cf370e7 wp-block-group-is-layout-flex\">\n<p><\/p>\n\n\n\n<p><strong>LE C\u0152UR FOU<\/strong> Long-M\u00e9trage d\u2019Axel Courti\u00e8re \/ Coach Com\u00e9die et LSF du com\u00e9dien Julien de Saint Jean (2025).<\/p>\n\n\n\n<p><strong>LA COLO 2 <\/strong>S\u00e9rie France 2 \/ R\u00e9al. Sophie Garric \/ Coach Com\u00e9die de tous les enfants et ados r\u00f4les (AOUT 2025).<\/p>\n\n\n\n<p><strong>TRIPLE JE&nbsp;<\/strong>T\u00e9l\u00e9film M6\/ R\u00e9al. Ga\u00ebl Leforestier \/ Coach en LSF du com\u00e9dien humoriste Kody et Coach Com\u00e9die de l\u2019enfant Youenn Vourc\u2019h (2025).<\/p>\n\n\n\n<p><strong>MATA <\/strong>Long-M\u00e9trage de Rachel Lang \/ Coach Com\u00e9die et LSF des com\u00e9diennes Eye Ha\u00efdara et Alwyna Brion-Balzarotti (2025).<\/p>\n\n\n\n<p><strong>T\u2019AS PAS CHANGE <\/strong>LM de J\u00e9r\u00f4me Commandeur \/ Coach Com\u00e9die de tous les enfants r\u00f4les (2024).<\/p>\n\n\n\n<p><strong>LES SAISONS <\/strong>S\u00e9rie Arte \/ R\u00e9al. Nicolas Maury \/ Coach Com\u00e9die et LSF des com\u00e9diens Lucas Bravo, F\u00e9lix N\u00e9bel, Louis Visneux, Maxime Valande, Sam Chemoul (2024).<\/p>\n\n\n\n<p><strong>MARSUPILAMI <\/strong>LM de Philippe Lacheau \/ Coach LSF enfant (2024).<\/p>\n\n\n\n<p><strong>L\u2019IDEALISTE <\/strong>LM de Pascal Elb\u00e9\/ Coach Com\u00e9die et LSF des com\u00e9diennes Emma Sebban et Alexia (2024).<\/p>\n\n\n\n<p><strong>CAT\u2019S EYES  <\/strong>S\u00e9rie TF1 \/ S.1 \/ R\u00e9al. Alexandre Laurent \/ Coach chant des com\u00e9diennes Camille Lou, Constance Labb\u00e9 et Claire Romain (2023).<\/p>\n\n\n\n<p><strong>SAM<\/strong> S\u00e9rie TF1 \/ S.7 et S.8 \/ R\u00e9al. Hippolyte Dard \/ Coaching com\u00e9die et chant de tous les enfants r\u00f4les (2023 et 2024).&nbsp;<\/p>\n\n\n\n<p><strong>LOU, LA CHATTE<\/strong> Court-m\u00e9trage France2 \/ R\u00e9al. Jean-S\u00e9bastien Bernard \/ Coaching en com\u00e9die et Langue des Signes Fran\u00e7aise des com\u00e9diens Dylan Hawkes, Juliet Lemonnier, Abdelmalek Bellamine (2022).&nbsp;<\/p>\n\n\n\n<p><strong>L\u2019ILE PRISONNIERE<\/strong> S\u00e9rie France 2 \/ R\u00e9als. Elsa Bennett et Hippolyte Dard\/ Coaching en com\u00e9die et Langue des Signes Fran\u00e7aise des com\u00e9diens Marie Denarnaud, D\u00e9borah Fran\u00e7ois, No\u00e9 Chabbat (2021).<\/p>\n\n\n\n<p><strong>CAPITAINE MARLEAU<\/strong> S\u00e9rie France 3 \u00ab Reine des Glaces \u00bb \/ R\u00e9al. Jos\u00e9e Dayan \/ Coaching en com\u00e9die et Langue des Signes Fran\u00e7aise des com\u00e9diens Sylvie Testud et Bertrand Degr\u00e9mont (2020).<\/p>\n\n\n\n<p><strong>LA REVOLUTION<\/strong> S\u00e9rie Netflix \/ S.1 \/ 8 Episodes \/ Coaching en com\u00e9die et Langue des Signes Fran\u00e7aise des enfants et adultes r\u00f4les (2019).<\/p>\n\n\n\n<p><strong>PARIS POLICE 1900<\/strong> S\u00e9rie Canal+ \/ S.1 \/ 4 Episodes \/ R\u00e9al. Julien Despaux \/ Coaching enfants r\u00f4les (2019).<\/p>\n\n\n\n<p><strong>SAM <\/strong>S\u00e9rie TF1 \/ S.4 \/ R\u00e9al. Jean-Marc Brondolo \/ Coaching du com\u00e9dien Lukas P\u00e9lissier (enfant sourd de 13 ans) (2019).<\/p>\n\n\n\n<p><strong>LONGTEMPS<\/strong> Clip du Chanteur Amir \/ R\u00e9al. Colin Solal Cardo \/ Coaching com\u00e9die et LSF, Lou Gala et Julien Mesclon &nbsp;\/&nbsp;Assistance \u00e0 la mise en sc\u00e8ne (2018).&nbsp;<\/p>\n\n\n\n<p><strong>DAMIEN VEUT CHANGER LE MONDE<\/strong><a><strong>&nbsp;<\/strong><\/a><strong>&nbsp;<\/strong>LM de Xavier De Choudens \/ Coach de tous les enfants du film&nbsp;: r\u00f4les et silhouettes (2018).<\/p>\n\n\n\n<p><strong>JE NE SUIS PAS UN HOMME FACILE<\/strong> T\u00e9l\u00e9film d\u2019El\u00e9onore Pourriat \/ Coaching enfants (2017). &nbsp; &nbsp; &nbsp; &nbsp; &nbsp; &nbsp; &nbsp;<\/p>\n\n\n\n<p><strong>JEZABEL <\/strong>Pilote + S\u00e9rie Web \/ S.2 \/ R\u00e9al. Julien Bittner \/ Coaching de la com\u00e9dienne H\u00e9l\u00e8ne Kuhn <em><strong>(a \u00e9t\u00e9 r\u00e9compens\u00e9e \u00ab Prix du Meilleur Espoir F\u00e9minin 2014 \u00bb au Festival de la Fiction TV de la Rochelle<\/strong><\/em> <strong><em>et \u00ab Meilleure Actrice Principale \u00bb au Melbourne Webfest 2017)<\/em><\/strong> (2016).<\/p>\n\n\n\n<p><strong>CESSEZ-LE-FEU<\/strong> LM d\u2019Emmanuel Courcol \/ Coaching en Langue des Signes Fran\u00e7aise des com\u00e9diens C\u00e9line Sallette, Gr\u00e9gory Gadebois, Romain Duris et Julie-Marie Parmentier (2015).<\/p>\n\n\n\n<p><strong>L\u2019INACCESSIBLE<\/strong> Pi\u00e8ce de Bertrand Degr\u00e9mont \/ Coaching en com\u00e9die et Langue des Signes Fran\u00e7aise d\u2019une danseuse et de deux com\u00e9diens + Assistance \u00e0 la mise en sc\u00e8ne (2014\/2015).<\/p>\n\n\n\n<p><strong>AVIS DE MISTRAL<\/strong> LM de Roselyne Bosch \/ Ass. de casting et Coaching en Langue des Signes des com\u00e9diens Anna Gali\u00e9na, Chlo\u00e9 Jouannet, Hugo Dessioux et Lukas P\u00e9lissier (enfant sourd 7 ans) (2013).<\/p>\n\n\n\n<p><strong>LE RESTE DU MONDE<\/strong> LM de Damien Odoul \/ Coaching en Langue des Signes de la com\u00e9dienne Marie-Eve Nadeau (2011).<\/p>\n\n\n\n<p><strong>LES BONOBOS<\/strong> Pi\u00e8ce de Laurent Baffie \/ Coaching en Langue des Signes Fran\u00e7aise des com\u00e9diens Laurent Baffie et Alain Bouzigues (2011).<\/p>\n\n\n\n<p><strong>CACHE CACHE<\/strong> LM de Tonie Marshall \/ Coaching com\u00e9die d\u2019un groupe de sourds et malentendants (professionnels et novices de la com\u00e9die) (2007).<\/p>\n\n\n\n<p><strong>AICHA<\/strong> T\u00e9l\u00e9film de Yamina Benguigui \/ Coaching com\u00e9die et Langue des Signes Fran\u00e7aise d\u2019un com\u00e9dien (2007).<\/p>\n\n\n\n<p><strong>LES ENFANTS DE TIMPELBACH<\/strong> LM de Nicolas Bary \/ Coaching en Langue des Signes Fran\u00e7aise d\u2019un enfant (2007).<\/p>\n\n\n\n<p><strong>MELODIE DE LA DERNIERE PLUIE<\/strong> MM de Xavier de Choudens \/ Coaching en Langue des Signes Fran\u00e7aise du com\u00e9dien Philippe Dormoy (2007).<\/p>\n\n\n\n<p><strong>L\u2019ENFANT DU SECRET<\/strong> T\u00e9l\u00e9film de Serge Meynard \/ Ass. de casting et Coaching du com\u00e9dien Joshua Julvez (enfant sourd de 12 ans) et de tous les enfants sourds et malentendants du t\u00e9l\u00e9film <strong>(7 millions de t\u00e9l\u00e9spectateurs)<\/strong> (2006).&nbsp;<\/p>\n\n\n\n<p><\/p>\n\n\n\n<p><\/p>\n\n\n\n<p><\/p>\n<\/div>\n<\/div><\/div>\n\n\n\n<p class=\"has-text-color\" style=\"color:#517897\"><strong>COACH LSF CHANTEURS \/ ENFANTS ET ADULTES<\/strong><\/p>\n\n\n\n<div class=\"wp-block-group\"><div class=\"wp-block-group__inner-container is-layout-flow wp-block-group-is-layout-flow\">\n<div class=\"wp-block-group is-vertical is-layout-flex wp-container-core-group-is-layout-8cf370e7 wp-block-group-is-layout-flex\">\n<p><strong>ORSO ET LE SECRET DES ETOILES <\/strong>Com\u00e9die musicale de Sylvie Gaillard, mise en sc\u00e8ne par Ludovic Marcato \/ Coach com\u00e9die et chant-sign\u00e9 (LSF) des 4 danseuses (2025).&nbsp;&nbsp;<\/p>\n\n\n\n<p><strong>MENOPAUSE <\/strong>Com\u00e9die mise en sc\u00e8ne et co-\u00e9crite par Alex Goude\/ Coach com\u00e9die et chant-sign\u00e9 (LSF) des com\u00e9diennes chanteuses Isabelle Ferron, Marion Posta, Patricia Samuel et Marianne Vigu\u00e8s (2024).&nbsp;&nbsp;<\/p>\n\n\n\n<p><strong>J&rsquo;ESP\u00c8RE<\/strong> Clip de la chanson de Bruno Bazinet, r\u00e9alis\u00e9 par Thomas Guerigen \/ Coaching de C\u00e9lia Mocydlarz (2022) <a href=\"https:\/\/youtu.be\/RQVy0jDsNC8?si=BNiy_J1FMWUJSG_I\">https:\/\/youtu.be\/RQVy0jDsNC8?si=BNiy_J1FMWUJSG_I<\/a><\/p>\n\n\n\n<p><strong>NATHAN<\/strong> de Calogero \/ The Voice TF1 \/ Coaching com\u00e9die et chant-sign\u00e9 (LSF) du com\u00e9dien chanteur Adrien Pelon, (2019). &nbsp;<\/p>\n\n\n\n<p><strong>TIMEO<\/strong> Com\u00e9die musicale d\u2019Alex Goude \/ Coaching com\u00e9die et chant-sign\u00e9 (LSF) des com\u00e9diennes chanteuses Salom\u00e9 Hadjadj, Virginie Ramis et Joana Serrano (2016). &nbsp;<\/p>\n\n\n\n<p><strong>CHANTE ! <\/strong> et <strong>OH LA LA<\/strong> Spectacles d\u2019Isabelle Georges \/ Coaching d\u2019Isabelle Georges pour l\u2019interpr\u00e9tation d\u2019une chanson chant-sign\u00e9 LSF (2012). &nbsp;<\/p>\n\n\n\n<p><strong>AUJOURD\u2019HUI ANTIGONE<\/strong> Com\u00e9die musicale de Nicole et Claude Bourbon \/ Coaching des com\u00e9diens chanteurs pour l\u2019interpr\u00e9tation de chansons chant-sign\u00e9 en LSF (2011).<\/p>\n\n\n\n<p><strong>LE CHANT DE COTON <\/strong>Spectacle th\u00e9\u00e2tral et musical de Nathalie Roche et Caryn Trinca \/ Coaching de 7 com\u00e9diens professionnels (de 2009 \u00e0 2015).<\/p>\n<\/div>\n\n\n\n<p><\/p>\n<\/div><\/div>\n\n\n\n<p class=\"has-text-color\" style=\"color:#517897\"><strong>COACH PRIVE\/ ENFANTS ET ADULTES<\/strong><\/p>\n\n\n\n<p><\/p>\n\n\n\n<ul class=\"wp-block-list\">\n<li>Pr\u00e9paration aux castings, aux auditions\u2026<\/li>\n\n\n\n<li>Aide \u00e0 la r\u00e9alisation de Self-tapes pour les castings : je conseil sur la vid\u00e9o de pr\u00e9sentation, donne la r\u00e9plique, tourne des vid\u00e9os \u00e0 l\u2019aide de mon t\u00e9l\u00e9phone portable. Je fais une s\u00e9lection puis je mets au propre et en pr\u00e9sentation les vid\u00e9os que j\u2019envoie par WeTransfer.<\/li>\n<\/ul>\n\n\n\n<p><\/p>\n\n\n\n<p class=\"has-text-color\" style=\"color:#517897\"><strong>MON TRAVAIL EN\u2026<\/strong><\/p>\n\n\n\n<p><strong>Coaching d\u2019acteur :<\/strong><\/p>\n\n\n\n<ul class=\"wp-block-list\">\n<li>Travail sur le placement de la voix, la respiration, l\u2019\u00e9coute.<\/li>\n\n\n\n<li>Appr\u00e9hension du jeu du com\u00e9dien.<\/li>\n\n\n\n<li>Travail sur le texte.<\/li>\n\n\n\n<li>Finesse, justesse, lien, \u00e9motion\u2026 de jeu.<\/li>\n<\/ul>\n\n\n\n<p><\/p>\n\n\n\n<p><strong>Coaching Langue des Signes (LSF) :<\/strong><\/p>\n\n\n\n<ul class=\"wp-block-list\">\n<li>D\u00e9couverte et appr\u00e9hension de la Langue des Signes.<\/li>\n\n\n\n<li>Prise de conscience du corps et de l\u2019espace.<\/li>\n\n\n\n<li>Travail devant un miroir afin d\u2019obtenir l\u2019intention la plus juste.<\/li>\n\n\n\n<li>La LSF se parle avec tout le corps.<\/li>\n\n\n\n<li>Interaction entre la LSF la com\u00e9die.<\/li>\n<\/ul>\n\n\n\n<p><\/p>\n\n\n\n<hr class=\"wp-block-separator has-alpha-channel-opacity\"\/>\n\n\n\n<h2 class=\"wp-block-heading has-text-color\" style=\"color:#517897\"><strong>ILS PARLENT DE MOI !<\/strong><\/h2>\n\n\n\n<p><\/p>\n\n\n\n<div class=\"wp-block-columns is-layout-flex wp-container-core-columns-is-layout-9d6595d7 wp-block-columns-is-layout-flex\">\n<div class=\"wp-block-column is-layout-flow wp-block-column-is-layout-flow\">\n<div class=\"wp-block-group\"><div class=\"wp-block-group__inner-container is-layout-flow wp-block-group-is-layout-flow\">\n<ul class=\"wp-block-list\">\n<li><strong>C\u00e9line Salette (Film \u00ab Cessez-le-feu \u00bb) :<\/strong> \u00ab La Coach \u00e9tait \u00ab\u00a0absolument merveilleuse\u00a0\u00bb !! \u00bb<\/li>\n<\/ul>\n\n\n\n<ul class=\"wp-block-list\">\n<li><strong>Natacha Sinai-Sinelnikoff (Maman de Lior \u2013 Film \u00ab Damien s\u2019engage \u00bb) :<\/strong> Juste un petit mot pour te remercier pour ta pr\u00e9sence pendant le tournage. C\u2019\u00e9tait une premi\u00e8re pour Lior. Tu l\u2019as merveilleusement guid\u00e9 et \u00e9paul\u00e9. C\u2019\u00e9tait pr\u00e9cieux pour elle et pour moi aussi. Natacha&nbsp;<\/li>\n<\/ul>\n\n\n\n<ul class=\"wp-block-list\">\n<li><strong>&nbsp;Maman d\u2019Issa (Film \u00ab Damien s\u2019engage \u00bb) :<\/strong> Nathalie, Merci d\u2019avoir veill\u00e9 sur Issa durant le tournage. Pleins de bonnes choses \u00e0 vous.<\/li>\n<\/ul>\n\n\n\n<ul class=\"wp-block-list\">\n<li><strong>Elo\u00efse Gen\u00eat (S\u00e9rie Web \u00ab J\u00e9zabel \u00bb) :<\/strong> J\u2019ai eu l\u2019occasion de travailler avec Nathalie sur deux projets et je regrette bien que ce ne soit pas plus ! Elle est impliqu\u00e9e et tr\u00e8s professionnelle en pr\u00e9paration sur un projet et ce dynamisme se prolonge sur le tournage. En effet, en plus d\u2019\u00eatre tr\u00e8s sympathique, Nathalie est toujours disponible et \u00e0 l\u2019\u00e9coute des autres. Une Coach que je recommande vivement !<\/li>\n<\/ul>\n\n\n\n<ul class=\"wp-block-list\">\n<li><strong>Julien Mesclon (Clip du Chanteur Amir) :<\/strong> \u00ab\u00a0Travailler avec Nathalie fut tr\u00e8s enrichissant. Implication remarquable et bonne humeur sont au rendez-vous. Nathalie est tr\u00e8s p\u00e9dagogue et pleine de ressources \u00bb.<\/li>\n<\/ul>\n\n\n\n<ul class=\"wp-block-list\">\n<li><strong>Bertrand Degr\u00e9mont (Metteur en sc\u00e8ne de \u00ab l&rsquo;inaccessible \u00bb &#8211; Cie de la porte au Tr\u00e8fle) Gr\u00e9gory Barco (Acteur sur \u00ab l&rsquo;inaccessible \u00bb) :<\/strong>&nbsp;\u00ab Notre compagnie a rencontr\u00e9 Nathalie \u00e0 l&rsquo;occasion d&rsquo;un spectacle en cours de cr\u00e9ation qui m\u00e9langeait th\u00e9\u00e2tre, danse, art plastique et langue des signes. L&rsquo;id\u00e9e \u00e9tait de raconter une seule et m\u00eame histoire en rendant ces quatre mode d&rsquo;expressions interd\u00e9pendants; que tout ne passe pas par les mots. L&rsquo;imaginaire, le corps, tout devait nourrir le propos et rendre le spectateur actif. Les mots ne disent pas tout et la compr\u00e9hension peut venir d&rsquo;ailleurs. Ce spectacle s&rsquo;adressait \u00e0 tous les publics, pas particuli\u00e8rement \u00e0 un public malentendants. Nathalie a particip\u00e9 tr\u00e8s activement, ne limitant jamais sa participation \u00e0 une traduction de la LSF. Bien au contraire, elle a non seulement apport\u00e9 un acc\u00e8s clair, pr\u00e9cis et p\u00e9dagogique sur la LSF mais a \u00e9galement accompagn\u00e9 les acteurs, les danseurs et la mise en sc\u00e8ne dans une approche fid\u00e8le \u00e0 la dramaturgie. Elle a compos\u00e9 une partition adapt\u00e9e \u00e0 ce spectacle. Elle a permis \u00e0 toute l&rsquo;\u00e9quipe de faire un usage de la LSF qui soit coh\u00e9rent. Nathalie est dr\u00f4le, dynamique, respectueuse du rythme de chacun dans l&rsquo;apprentissage. Elle a fa\u00e7onn\u00e9 notre cr\u00e9ation et lui a apport\u00e9 un gage d&rsquo;authenticit\u00e9: Une fois en repr\u00e9sentation, \u00e0 force de travail, les acteurs ne singeaient pas la LSF mais ma\u00eetrisaient leur partition. Son rythme, son sens, la part du vocabulaire, mais aussi, l&rsquo;engagement du corps. Ils ont appris , gr\u00e2ce \u00e0 Nathalie \u00e0 \u00eatre sinc\u00e8res dans l&rsquo;usage d&rsquo;une langue qui n&rsquo;est pas la leur.&nbsp; Engager Nathalie, c&rsquo;est embarquer une femme qui s&rsquo;int\u00e8gre tr\u00e8s vite dans la troupe, s&rsquo;implique, est tr\u00e8s travailleuse, qui met son sens de l&rsquo;initiative du projet et formidable dans les rapports humains. ( toutes ses interventions vivantes et ludiques aupr\u00e8s notamment des publics scolaires en attestent) \u00bb<\/li>\n<\/ul>\n\n\n\n<ul class=\"wp-block-list\">\n<li><strong>Isabelle Georges (Spectacle \u00ab Chante ! \u00bb) : <\/strong>J\u2019ai eu le grand plaisir de travailler avec Nathalie Roche, lors de la cr\u00e9ation de mon spectacle \u00ab Chante ! \u00bb au Th\u00e9\u00e2tre D\u00e9jazet en 2014. En plus de ses talents d\u2019adaptatrice\/auteur, je lui avais demand\u00e9 d\u2019adapter une chanson fran\u00e7aise de Charles Aznavour en langue des signes, elle s\u2019est av\u00e9r\u00e9e une coach \u00e9m\u00e9rite quand il a \u00e9t\u00e9 question de l\u2019interpr\u00e9tation de ladite chanson. &nbsp;Le travail en sa compagnie fut joyeux, inventif et le r\u00e9sultat d\u2019autant plus r\u00e9ussi.<\/li>\n<\/ul>\n<\/div><\/div>\n<\/div>\n\n\n\n<div class=\"wp-block-column is-layout-flow wp-block-column-is-layout-flow\">\n<figure class=\"wp-block-image size-large\"><img loading=\"lazy\" decoding=\"async\" width=\"1024\" height=\"782\" src=\"http:\/\/nathalieroche-comedienne.com\/wp-content\/uploads\/2022\/08\/Pele-me\u0302le1b-1024x782.jpg\" alt=\"\" class=\"wp-image-196\" srcset=\"https:\/\/nathalieroche-comedienne.com\/wp-content\/uploads\/2022\/08\/Pele-me\u0302le1b-1024x782.jpg 1024w, https:\/\/nathalieroche-comedienne.com\/wp-content\/uploads\/2022\/08\/Pele-me\u0302le1b-300x229.jpg 300w, https:\/\/nathalieroche-comedienne.com\/wp-content\/uploads\/2022\/08\/Pele-me\u0302le1b-768x586.jpg 768w, https:\/\/nathalieroche-comedienne.com\/wp-content\/uploads\/2022\/08\/Pele-me\u0302le1b-1536x1173.jpg 1536w, https:\/\/nathalieroche-comedienne.com\/wp-content\/uploads\/2022\/08\/Pele-me\u0302le1b-79x60.jpg 79w, https:\/\/nathalieroche-comedienne.com\/wp-content\/uploads\/2022\/08\/Pele-me\u0302le1b.jpg 1889w\" sizes=\"auto, (max-width: 1024px) 100vw, 1024px\" \/><\/figure>\n\n\n\n<p><\/p>\n\n\n\n<figure class=\"wp-block-image size-large is-resized\"><img loading=\"lazy\" decoding=\"async\" width=\"1024\" height=\"781\" src=\"http:\/\/nathalieroche-comedienne.com\/wp-content\/uploads\/2022\/08\/Pele-mele2b-1024x781.jpg\" alt=\"\" class=\"wp-image-197\" style=\"width:402px;height:306px\" srcset=\"https:\/\/nathalieroche-comedienne.com\/wp-content\/uploads\/2022\/08\/Pele-mele2b-1024x781.jpg 1024w, https:\/\/nathalieroche-comedienne.com\/wp-content\/uploads\/2022\/08\/Pele-mele2b-300x229.jpg 300w, https:\/\/nathalieroche-comedienne.com\/wp-content\/uploads\/2022\/08\/Pele-mele2b-768x586.jpg 768w, https:\/\/nathalieroche-comedienne.com\/wp-content\/uploads\/2022\/08\/Pele-mele2b-1536x1172.jpg 1536w, https:\/\/nathalieroche-comedienne.com\/wp-content\/uploads\/2022\/08\/Pele-mele2b-79x60.jpg 79w, https:\/\/nathalieroche-comedienne.com\/wp-content\/uploads\/2022\/08\/Pele-mele2b.jpg 1890w\" sizes=\"auto, (max-width: 1024px) 100vw, 1024px\" \/><\/figure>\n\n\n\n<p><\/p>\n\n\n\n<figure class=\"wp-block-image size-full is-resized\"><img loading=\"lazy\" decoding=\"async\" width=\"640\" height=\"530\" src=\"http:\/\/nathalieroche-comedienne.com\/wp-content\/uploads\/2022\/08\/IMG_53581.jpg\" alt=\"\" class=\"wp-image-583\" style=\"width:402px;height:332px\" srcset=\"https:\/\/nathalieroche-comedienne.com\/wp-content\/uploads\/2022\/08\/IMG_53581.jpg 640w, https:\/\/nathalieroche-comedienne.com\/wp-content\/uploads\/2022\/08\/IMG_53581-300x248.jpg 300w, https:\/\/nathalieroche-comedienne.com\/wp-content\/uploads\/2022\/08\/IMG_53581-72x60.jpg 72w\" sizes=\"auto, (max-width: 640px) 100vw, 640px\" \/><figcaption class=\"wp-element-caption\"><strong>SAM<\/strong> <strong>S.4<\/strong><\/figcaption><\/figure>\n\n\n\n<p><\/p>\n\n\n\n<figure class=\"wp-block-image size-large\"><img loading=\"lazy\" decoding=\"async\" width=\"1024\" height=\"629\" src=\"http:\/\/nathalieroche-comedienne.com\/wp-content\/uploads\/2022\/08\/20211201_144421-1-1024x629.jpg\" alt=\"\" class=\"wp-image-590\" srcset=\"https:\/\/nathalieroche-comedienne.com\/wp-content\/uploads\/2022\/08\/20211201_144421-1-1024x629.jpg 1024w, https:\/\/nathalieroche-comedienne.com\/wp-content\/uploads\/2022\/08\/20211201_144421-1-300x184.jpg 300w, https:\/\/nathalieroche-comedienne.com\/wp-content\/uploads\/2022\/08\/20211201_144421-1-768x471.jpg 768w, https:\/\/nathalieroche-comedienne.com\/wp-content\/uploads\/2022\/08\/20211201_144421-1-1536x943.jpg 1536w, https:\/\/nathalieroche-comedienne.com\/wp-content\/uploads\/2022\/08\/20211201_144421-1-2048x1257.jpg 2048w, https:\/\/nathalieroche-comedienne.com\/wp-content\/uploads\/2022\/08\/20211201_144421-1-98x60.jpg 98w\" sizes=\"auto, (max-width: 1024px) 100vw, 1024px\" \/><figcaption class=\"wp-element-caption\"><strong>Coaching C\u00e9lia Mocydlarz &#8211; Clip \u00ab\u00a0J&rsquo;esp\u00e8re\u00a0\u00bb de Bruno Bazinet<\/strong><\/figcaption><\/figure>\n\n\n\n<p><\/p>\n\n\n\n<figure class=\"wp-block-image size-full\"><img loading=\"lazy\" decoding=\"async\" width=\"1024\" height=\"768\" src=\"http:\/\/nathalieroche-comedienne.com\/wp-content\/uploads\/2022\/08\/Photo-076.jpg\" alt=\"\" class=\"wp-image-593\" srcset=\"https:\/\/nathalieroche-comedienne.com\/wp-content\/uploads\/2022\/08\/Photo-076.jpg 1024w, https:\/\/nathalieroche-comedienne.com\/wp-content\/uploads\/2022\/08\/Photo-076-300x225.jpg 300w, https:\/\/nathalieroche-comedienne.com\/wp-content\/uploads\/2022\/08\/Photo-076-768x576.jpg 768w, https:\/\/nathalieroche-comedienne.com\/wp-content\/uploads\/2022\/08\/Photo-076-80x60.jpg 80w\" sizes=\"auto, (max-width: 1024px) 100vw, 1024px\" \/><figcaption class=\"wp-element-caption\"><strong>L\u2019ENFANT DU SECRET<\/strong> &#8211; T\u00e9l\u00e9film de Serge Meynard<\/figcaption><\/figure>\n\n\n\n<figure class=\"wp-block-image size-full is-resized\"><img loading=\"lazy\" decoding=\"async\" width=\"579\" height=\"960\" src=\"http:\/\/nathalieroche-comedienne.com\/wp-content\/uploads\/2022\/08\/68871716_10220196184313304_225233170243518464_n.jpg\" alt=\"\" class=\"wp-image-595\" style=\"width:290px;height:480px\" srcset=\"https:\/\/nathalieroche-comedienne.com\/wp-content\/uploads\/2022\/08\/68871716_10220196184313304_225233170243518464_n.jpg 579w, https:\/\/nathalieroche-comedienne.com\/wp-content\/uploads\/2022\/08\/68871716_10220196184313304_225233170243518464_n-181x300.jpg 181w, https:\/\/nathalieroche-comedienne.com\/wp-content\/uploads\/2022\/08\/68871716_10220196184313304_225233170243518464_n-36x60.jpg 36w\" sizes=\"auto, (max-width: 579px) 100vw, 579px\" \/><\/figure>\n<\/div>\n<\/div>\n\n\n\n<div class=\"wp-block-group\"><div class=\"wp-block-group__inner-container is-layout-flow wp-block-group-is-layout-flow\">\n<h3 class=\"wp-block-heading has-medium-font-size\"><strong>Contact coaching :<\/strong><\/h3>\n\n\n\n<h3 class=\"wp-block-heading has-medium-font-size\"><strong>Nathalie ROCHE<\/strong><strong>\u200b<\/strong><\/h3>\n\n\n\n<h3 class=\"wp-block-heading has-medium-font-size\"><strong>06 61 51 32 94<\/strong><\/h3>\n\n\n\n<h3 class=\"wp-block-heading has-medium-font-size\"><strong><a>nathalieroche.contact@gmail.com<\/a><\/strong><\/h3>\n\n\n\n<p>\u200b<\/p>\n<\/div><\/div>\n\n\n\n<p>\u200b<\/p>\n","protected":false},"excerpt":{"rendered":"<p>COACH COMEDIE ET LSF \/ ENFANTS ET ADULTES LE C\u0152UR FOU Long-M\u00e9trage d\u2019Axel Courti\u00e8re \/ Coach Com\u00e9die et LSF du com\u00e9dien Julien de Saint Jean (2025). LA COLO 2 S\u00e9rie France 2 \/ R\u00e9al. Sophie Garric \/ Coach Com\u00e9die de tous les enfants et ados r\u00f4les (AOUT 2025). TRIPLE JE&nbsp;T\u00e9l\u00e9film M6\/ R\u00e9al. Ga\u00ebl Leforestier \/ &hellip; <\/p>\n","protected":false},"author":1,"featured_media":0,"parent":0,"menu_order":0,"comment_status":"closed","ping_status":"closed","template":"","meta":{"footnotes":""},"class_list":["post-12","page","type-page","status-publish","hentry"],"_links":{"self":[{"href":"https:\/\/nathalieroche-comedienne.com\/index.php\/wp-json\/wp\/v2\/pages\/12","targetHints":{"allow":["GET"]}}],"collection":[{"href":"https:\/\/nathalieroche-comedienne.com\/index.php\/wp-json\/wp\/v2\/pages"}],"about":[{"href":"https:\/\/nathalieroche-comedienne.com\/index.php\/wp-json\/wp\/v2\/types\/page"}],"author":[{"embeddable":true,"href":"https:\/\/nathalieroche-comedienne.com\/index.php\/wp-json\/wp\/v2\/users\/1"}],"replies":[{"embeddable":true,"href":"https:\/\/nathalieroche-comedienne.com\/index.php\/wp-json\/wp\/v2\/comments?post=12"}],"version-history":[{"count":74,"href":"https:\/\/nathalieroche-comedienne.com\/index.php\/wp-json\/wp\/v2\/pages\/12\/revisions"}],"predecessor-version":[{"id":1079,"href":"https:\/\/nathalieroche-comedienne.com\/index.php\/wp-json\/wp\/v2\/pages\/12\/revisions\/1079"}],"wp:attachment":[{"href":"https:\/\/nathalieroche-comedienne.com\/index.php\/wp-json\/wp\/v2\/media?parent=12"}],"curies":[{"name":"wp","href":"https:\/\/api.w.org\/{rel}","templated":true}]}}